{"id":86514,"date":"2024-06-21T15:53:44","date_gmt":"2024-06-21T08:53:44","guid":{"rendered":"https:\/\/mcbifi-bauchemie.com\/products\/mc-proof-955\/"},"modified":"2026-04-16T15:02:20","modified_gmt":"2026-04-16T08:02:20","slug":"mc-proof-955","status":"publish","type":"product","link":"https:\/\/mcbifi-bauchemie.com\/en\/products\/mc-proof-955\/","title":{"rendered":"MC-Proof 955"},"content":{"rendered":"<ul>\n<li><strong>PRODUCT PROPERTIES:<\/strong><\/li>\n<\/ul>\n<p><span class=\"fontstyle0\">\u27a2 Ready-to-use, no mixing required.<br \/>\n\u27a2 Easy and fast application.<br \/>\n\u27a2 High flexibility and good crack bridging.<br \/>\n\u27a2 Resistant to UV and weathering.<br \/>\n\u27a2 Good solar reflectance. and reduces heat absorption.<br \/>\n\u27a2 Open to moisture vapor transmission.<br \/>\n\u27a2 Over paintable.<br \/>\n\u27a2 Resistant to dirt, stains, and easy to clean.<br \/>\n<\/span><\/p>\n<ul>\n<li><strong>AREAS OF APPLICATION:<\/strong><\/li>\n<\/ul>\n<p><span class=\"fontstyle0\">\u27a2 <\/span>External walls and facades.<br \/>\n<span class=\"fontstyle0\">\u27a2 <\/span>Concrete roof slabs and gutters.<br \/>\n<span class=\"fontstyle0\">\u27a2 <\/span>Exterior areas with occasional foot traffic (build-up system).<br \/>\n<span class=\"fontstyle0\">\u27a2 <\/span>Tole roofs.<\/p>\n<ul>\n<li><strong>PRODUCT CHARACTERISTICS:<\/strong><\/li>\n<\/ul>\n<table style=\"height: 84px;\" width=\"927\">\n<tbody>\n<tr>\n<td width=\"210\"><strong>Form<\/strong><\/td>\n<td width=\"476\">Liquid-applied PU-Acrylic based waterproofing membrane.<\/td>\n<\/tr>\n<tr>\n<td width=\"210\"><strong>Packing<\/strong><\/td>\n<td width=\"476\">20 kg\/ barrel.<\/td>\n<\/tr>\n<tr>\n<td width=\"210\"><strong>Color<\/strong><\/td>\n<td width=\"476\">Grey; White.<\/td>\n<\/tr>\n<tr>\n<td width=\"210\"><strong>Life time and \u00a0Storage<\/strong><\/td>\n<td width=\"476\">12 months from date of manufacture, stored unopened, in a dry, covered, ventilated area without exposure to high heat sources.<\/td>\n<\/tr>\n<\/tbody>\n<\/table>\n<ul>\n<li><strong>APPLICATION NOTES:<\/strong><\/li>\n<\/ul>\n<p><span class=\"fontstyle0\">\u27a2 <\/span><strong>Substrate preparation:<\/strong><br \/>\n&#8211; The substrate must be structurally sound and free from cement laitance, loose particles, dust, oil, grease and any other contaminants or old coatings which may affect the adhesion.<br \/>\n&#8211; Grind smooth all high spots and sharp protrusions.<br \/>\n&#8211; Surface defects such as voids, blowholes and static cracks must be repaired and refilled to prepare a sound surface for bonding.<br \/>\n&#8211; Horizontal substrates must have sufficient slope gradient to avoid water ponding.<br \/>\n&#8211; Metal surfaces must be rust-free and clean.<\/p>\n<p><span class=\"fontstyle0\">\u27a2 <\/span><strong>Mixing:<\/strong> MC-Proof 955 is a ready-to-use product, no mixing required. However, after opening the container, the product must be thoroughly stirred until completely homogeneous before application. It is recommended to use a low speed mechanical stirrer.<\/p>\n<p><span class=\"fontstyle0\">\u27a2 <\/span><strong>Application:<\/strong> MC-Proof 955 can be applied with brush, roller or airless spraying equipment. MC-Proof 955 should be applied with at least 2 coats crosswise and the waiting time for dry-touching of the coat is around 2-4 hours, depending on the ambient conditions and the thickness of the coat. At extreme areas such as corners, wall and floor conjunctions, or build-up systems, MC-Fast Tape or an appropriate glass fiber mesh should be immediately embedded into the first fresh coat.<\/p>\n<p><span class=\"fontstyle0\">\u27a2 <\/span><strong>Precautious:<\/strong> Don\u2019t apply MC-Proof 955 under rain or extreme weather. It should not be used in permanent contact with water. Roofing structures need to be designed at least 2% slope gradient. Ambient conditions and surface temperature must be under 35\u00b0C during the application.<\/p>\n<p><span class=\"fontstyle0\">\u27a2 <\/span><strong>Protection and curing:<\/strong> Full cure of MC-Proof 955 waterproofing system is approximate 14 days after the final coat. However, water tightness tests may be carried out after 7 days. The freshly applied membranes must be protected from rain for a minimum of 6-12 hours.<\/p>\n<p><span class=\"fontstyle0\">\u27a2 <\/span><strong>Safety instruction:<\/strong> Please take notice of the safety information and advice given on the packaging labels and safety data sheets.<\/p>\n<div class=\"video-embed\"><iframe loading=\"lazy\" title=\"H\u01b0\u1edbng d\u1eabn thi c\u00f4ng MC-Proof 955 \u0111\u00fang chu\u1ea9n \u2013 D\u1ec5 d\u00e0ng ch\u1ec9 v\u1edbi 3 b\u01b0\u1edbc!\" width=\"1340\" height=\"754\" src=\"https:\/\/www.youtube.com\/embed\/DJHRnN1TLLU?feature=oembed\" frameborder=\"0\" allow=\"accelerometer; autoplay; clipboard-write; encrypted-media; gyroscope; picture-in-picture; web-share\" referrerpolicy=\"strict-origin-when-cross-origin\" allowfullscreen><\/iframe><\/div>\n","protected":false},"excerpt":{"rendered":"<p><img decoding=\"async\" loading=\"lazy\" class=\"alignnone size-medium wp-image-90954\" src=\"https:\/\/mcbifi-bauchemie.com\/wp-content\/uploads\/2024\/06\/MC-Proof-955_1-450x448.png\" alt=\"\" width=\"450\" height=\"448\" srcset=\"https:\/\/mcbifi-bauchemie.com\/wp-content\/uploads\/2024\/06\/MC-Proof-955_1-450x448.png 450w, https:\/\/mcbifi-bauchemie.com\/wp-content\/uploads\/2024\/06\/MC-Proof-955_1-240x240.png 240w, https:\/\/mcbifi-bauchemie.com\/wp-content\/uploads\/2024\/06\/MC-Proof-955_1-768x765.png 768w, https:\/\/mcbifi-bauchemie.com\/wp-content\/uploads\/2024\/06\/MC-Proof-955_1-600x598.png 600w, https:\/\/mcbifi-bauchemie.com\/wp-content\/uploads\/2024\/06\/MC-Proof-955_1.png 1000w\" sizes=\"(max-width: 450px) 100vw, 450px\" \/><\/p>\n<p><strong><span class=\"fontstyle0\">Liquid-applied PU-Acrylic based waterproofing membrane with high flexibility and UV resistance.<\/span><\/strong><\/p>\n","protected":false},"featured_media":90952,"template":"","meta":[],"product_cat":[870,523],"product_tag":[679],"acf":[],"_links":{"self":[{"href":"https:\/\/mcbifi-bauchemie.com\/en\/wp-json\/wp\/v2\/product\/86514"}],"collection":[{"href":"https:\/\/mcbifi-bauchemie.com\/en\/wp-json\/wp\/v2\/product"}],"about":[{"href":"https:\/\/mcbifi-bauchemie.com\/en\/wp-json\/wp\/v2\/types\/product"}],"version-history":[{"count":4,"href":"https:\/\/mcbifi-bauchemie.com\/en\/wp-json\/wp\/v2\/product\/86514\/revisions"}],"predecessor-version":[{"id":91796,"href":"https:\/\/mcbifi-bauchemie.com\/en\/wp-json\/wp\/v2\/product\/86514\/revisions\/91796"}],"wp:featuredmedia":[{"embeddable":true,"href":"https:\/\/mcbifi-bauchemie.com\/en\/wp-json\/wp\/v2\/media\/90952"}],"wp:attachment":[{"href":"https:\/\/mcbifi-bauchemie.com\/en\/wp-json\/wp\/v2\/media?parent=86514"}],"wp:term":[{"taxonomy":"product_cat","embeddable":true,"href":"https:\/\/mcbifi-bauchemie.com\/en\/wp-json\/wp\/v2\/product_cat?post=86514"},{"taxonomy":"product_tag","embeddable":true,"href":"https:\/\/mcbifi-bauchemie.com\/en\/wp-json\/wp\/v2\/product_tag?post=86514"}],"curies":[{"name":"wp","href":"https:\/\/api.w.org\/{rel}","templated":true}]}}