{"id":85058,"date":"2024-02-05T15:43:27","date_gmt":"2024-02-05T08:43:27","guid":{"rendered":"https:\/\/mcbifi-bauchemie.com\/?post_type=product&#038;p=85058"},"modified":"2026-04-16T10:54:51","modified_gmt":"2026-04-16T03:54:51","slug":"mc-montan-drive-lb-02","status":"publish","type":"product","link":"https:\/\/mcbifi-bauchemie.com\/en\/san-pham\/mc-montan-drive-lb-02\/","title":{"rendered":"MC-Montan Drive LB 02"},"content":{"rendered":"<ul>\n<li><strong>T\u00cdNH N\u0102NG S\u1ea2N PH\u1ea8M:<\/strong><\/li>\n<\/ul>\n<p>\u27a2 T\u1ed1i \u01b0u h\u00f3a kh\u1ea3 n\u0103ng x\u1eed l\u00fd \u0111\u1ea5t v\u00e0 t\u1ed1c \u0111\u1ed9 v\u1eadn h\u00e0nh TBM tr\u00ean n\u1ec1n \u0111\u1ea5t y\u1ebfu c\u00f3 kh\u1ea3 n\u0103ng ti\u1ebfp c\u1eadn ngu\u1ed3n n\u01b0\u1edbc.<br \/>\n\u27a2 Kh\u1ea3 n\u0103ng h\u1ea5p th\u1ee5 n\u01b0\u1edbc r\u1ea5t cao.<br \/>\n\u27a2 C\u00f3 th\u1ec3 s\u1eed d\u1ee5ng ngay.<br \/>\n\u27a2 C\u1ea3i thi\u1ec7n kh\u1ea3 n\u0103ng lo\u1ea1i b\u1ecf \u0111\u1ea5t.<br \/>\n\u27a2 Kh\u1ea3 n\u0103ng ch\u1ed1ng th\u1ea5m cao cho \u0111\u1ea5t \u0111\u00e3 thay \u0111\u1ed5i t\u00ednh ch\u1ea5t.<br \/>\n\u27a2 Li\u1ec1u l\u01b0\u1ee3ng hi\u1ec7u qu\u1ea3, gi\u00fap ti\u1ebft ki\u1ec7m chi ph\u00ed.<br \/>\n\u27a2 Th\u00e2n thi\u1ec7n v\u1edbi m\u00f4i tr\u01b0\u1eddng v\u00e0 d\u1ec5 ph\u00e2n h\u1ee7y sinh h\u1ecdc.<\/p>\n<ul>\n<li><strong>\u1ee8NG D\u1ee4NG:<\/strong><\/li>\n<\/ul>\n<p>\u27a2\u00a0 X\u1eed l\u00fd \u0111\u1ea5t cho m\u00e1y khoan h\u1ea7m c\u00f3 c\u00e2n b\u1eb1ng \u00e1p l\u1ef1c \u0111\u1ea5t (EPB).<br \/>\n\u27a2\u00a0 \u0110\u1ea5t c\u00f3 \u0111\u1ed9 th\u1ea5m cao v\u1edbi kh\u1ea3 n\u0103ng ti\u1ebfp c\u1eadn n\u01b0\u1edbc.<br \/>\n\u27a2\u00a0 \u0110\u00e1 r\u1eddi v\u00e0 c\u00e1t ch\u1ea3y.<\/p>\n","protected":false},"excerpt":{"rendered":"<p><span class=\"fontstyle0\">Ph\u1ee5 gia l\u1ecfng x\u1eed l\u00fd \u0111\u1ea5t d\u00f9ng cho m\u00e1y khoan \u0111\u01b0\u1eddng h\u1ea7m (TBM).<\/span><\/p>\n","protected":false},"featured_media":80915,"template":"","meta":[],"product_cat":[561],"product_tag":[646],"acf":[],"_links":{"self":[{"href":"https:\/\/mcbifi-bauchemie.com\/en\/wp-json\/wp\/v2\/product\/85058"}],"collection":[{"href":"https:\/\/mcbifi-bauchemie.com\/en\/wp-json\/wp\/v2\/product"}],"about":[{"href":"https:\/\/mcbifi-bauchemie.com\/en\/wp-json\/wp\/v2\/types\/product"}],"version-history":[{"count":1,"href":"https:\/\/mcbifi-bauchemie.com\/en\/wp-json\/wp\/v2\/product\/85058\/revisions"}],"predecessor-version":[{"id":91613,"href":"https:\/\/mcbifi-bauchemie.com\/en\/wp-json\/wp\/v2\/product\/85058\/revisions\/91613"}],"wp:featuredmedia":[{"embeddable":true,"href":"https:\/\/mcbifi-bauchemie.com\/en\/wp-json\/wp\/v2\/media\/80915"}],"wp:attachment":[{"href":"https:\/\/mcbifi-bauchemie.com\/en\/wp-json\/wp\/v2\/media?parent=85058"}],"wp:term":[{"taxonomy":"product_cat","embeddable":true,"href":"https:\/\/mcbifi-bauchemie.com\/en\/wp-json\/wp\/v2\/product_cat?post=85058"},{"taxonomy":"product_tag","embeddable":true,"href":"https:\/\/mcbifi-bauchemie.com\/en\/wp-json\/wp\/v2\/product_tag?post=85058"}],"curies":[{"name":"wp","href":"https:\/\/api.w.org\/{rel}","templated":true}]}}