{"id":85018,"date":"2024-02-05T15:14:40","date_gmt":"2024-02-05T08:14:40","guid":{"rendered":"https:\/\/mcbifi-bauchemie.com\/?post_type=product&#038;p=85018"},"modified":"2024-07-12T09:00:44","modified_gmt":"2024-07-12T02:00:44","slug":"mc-montan-drive-fl-02","status":"publish","type":"product","link":"https:\/\/mcbifi-bauchemie.com\/en\/san-pham\/mc-montan-drive-fl-02\/","title":{"rendered":"MC-Montan Drive FL 02"},"content":{"rendered":"<ul>\n<li><strong>T\u00cdNH N\u0102NG S\u1ea2N PH\u1ea8M:<\/strong><\/li>\n<\/ul>\n<p>\u27a2 Gi\u1ea3m m\u00f4-men xo\u1eafn \u0111\u1ea7u khoan v\u00e0 ti\u00eau th\u1ee5 n\u0103ng l\u01b0\u1ee3ng.<br \/>\n\u27a2 C\u1ea3i thi\u1ec7n kh\u1ea3 n\u0103ng lo\u1ea1i b\u1ecf \u0111\u1ea5t.<br \/>\n\u27a2 Gi\u1ea3m m\u00e0i m\u00f2n tr\u00ean d\u1ee5ng c\u1ee5 khoan.<br \/>\n\u27a2 Gi\u1ea3m t\u1ea3i b\u1ee5i.<br \/>\n\u27a2 Li\u1ec1u l\u01b0\u1ee3ng hi\u1ec7u qu\u1ea3 v\u1ec1 chi ph\u00ed.<br \/>\n\u27a2 Th\u00e2n thi\u1ec7n v\u1edbi m\u00f4i tr\u01b0\u1eddng v\u00e0 ph\u00e2n h\u1ee7y sinh h\u1ecdc.<\/p>\n<ul>\n<li><strong>\u1ee8NG D\u1ee4NG:<\/strong><\/li>\n<\/ul>\n<p>\u27a2 M\u00e1y TBM EPB x\u1eed l\u00fd \u0111\u1ea5t.<br \/>\n\u27a2 Thi\u1ebft k\u1ebf \u0111\u00e0o h\u1ea7m trong v\u1eadt li\u1ec7u d\u1ea1ng h\u1ea1t v\u00e0 \u0111\u00e1 r\u1eddi.<\/p>\n","protected":false},"excerpt":{"rendered":"<p><strong><span class=\"fontstyle0\">Ch\u1ea5t x\u1eed l\u00fd \u0111\u1ea5t t\u1ea1o b\u1ecdt cho m\u00e1y khoan h\u1ea7m (TBM).<\/span><\/strong><\/p>\n","protected":false},"featured_media":80915,"template":"","meta":[],"product_cat":[561],"product_tag":[643],"acf":[],"_links":{"self":[{"href":"https:\/\/mcbifi-bauchemie.com\/en\/wp-json\/wp\/v2\/product\/85018"}],"collection":[{"href":"https:\/\/mcbifi-bauchemie.com\/en\/wp-json\/wp\/v2\/product"}],"about":[{"href":"https:\/\/mcbifi-bauchemie.com\/en\/wp-json\/wp\/v2\/types\/product"}],"version-history":[{"count":0,"href":"https:\/\/mcbifi-bauchemie.com\/en\/wp-json\/wp\/v2\/product\/85018\/revisions"}],"wp:featuredmedia":[{"embeddable":true,"href":"https:\/\/mcbifi-bauchemie.com\/en\/wp-json\/wp\/v2\/media\/80915"}],"wp:attachment":[{"href":"https:\/\/mcbifi-bauchemie.com\/en\/wp-json\/wp\/v2\/media?parent=85018"}],"wp:term":[{"taxonomy":"product_cat","embeddable":true,"href":"https:\/\/mcbifi-bauchemie.com\/en\/wp-json\/wp\/v2\/product_cat?post=85018"},{"taxonomy":"product_tag","embeddable":true,"href":"https:\/\/mcbifi-bauchemie.com\/en\/wp-json\/wp\/v2\/product_tag?post=85018"}],"curies":[{"name":"wp","href":"https:\/\/api.w.org\/{rel}","templated":true}]}}