{"id":80693,"date":"2020-12-01T02:56:02","date_gmt":"2020-11-30T19:56:02","guid":{"rendered":"https:\/\/mcbifi-bauchemie.com\/products\/uncategorized\/mc-proof-sp-150\/"},"modified":"2026-04-16T15:29:58","modified_gmt":"2026-04-16T08:29:58","slug":"mc-proof-sp-150","status":"publish","type":"product","link":"https:\/\/mcbifi-bauchemie.com\/en\/products\/mc-proof-sp-150\/","title":{"rendered":"MC-Proof SP 150"},"content":{"rendered":"<ul>\n<li><strong>PRODUCT PROPERTIES:<\/strong><\/li>\n<\/ul>\n<p><span class=\"fontstyle0\">\u27a2 Two-component cementitious waterproofing membrane with improved polymer, enhancing waterproofing performance.<br \/>\n\u27a2 Waterproofing when dry, moisture-proof membrane and allows water vapor to escape.<br \/>\n\u27a2 Viscous form, easy to apply.<br \/>\n\u27a2 Capable of covering small cracks.<br \/>\n\u27a2 Good adhesion to concrete and other cementitious surfaces.<\/span><\/p>\n<ul>\n<li><strong>AREAS OF APPLICATION:<\/strong><\/li>\n<\/ul>\n<p><span class=\"fontstyle0\">\u27a2 Indoor and outdoor wet areas.<br \/>\n\u27a2 Bathroom and toilet.<br \/>\n\u27a2 Balcony and terrace.<br \/>\n\u27a2 Kitchen.<br \/>\n\u27a2 Planter and concrete gutter.<\/span><\/p>\n<ul>\n<li><strong>PRODUCT CHARACTERISTICS:<\/strong><\/li>\n<\/ul>\n<table style=\"height: 139px;\" width=\"948\">\n<tbody>\n<tr>\n<td width=\"210\"><strong>Color<\/strong><\/td>\n<td width=\"476\">Component A: Powder &#8211; Light grey; Component B: Liquid &#8211; Milky white<\/td>\n<\/tr>\n<tr>\n<td width=\"210\"><strong>Packaging<\/strong><\/td>\n<td width=\"476\">10 kg set; 20 kg set; 34 kg set.<\/td>\n<\/tr>\n<tr>\n<td width=\"210\"><strong>Storage<\/strong><\/td>\n<td width=\"476\">Store in a cool, dry, covered and ventilated place.<\/td>\n<\/tr>\n<tr>\n<td width=\"210\"><strong>Life time<\/strong><\/td>\n<td width=\"476\">08 months from date of manufacture if stored properly in unopened original packaging.<\/td>\n<\/tr>\n<\/tbody>\n<\/table>\n<ul>\n<li><strong>\u00a0\u00a0\u00a0 TECHNICAL DATA:<\/strong><\/li>\n<\/ul>\n<table style=\"height: 93px;\" width=\"947\">\n<tbody>\n<tr>\n<td width=\"246\"><strong>Characteristic<\/strong><\/td>\n<td width=\"96\"><strong>Unit<\/strong><\/td>\n<td width=\"84\"><strong>Value<\/strong><\/td>\n<td width=\"252\"><strong>Comments<\/strong><\/td>\n<\/tr>\n<tr>\n<td width=\"246\">Mixing ratio<\/td>\n<td width=\"96\">Volume<\/td>\n<td width=\"84\">3 : 1<\/td>\n<td width=\"252\">Component A (Powder) : Component B (Liquid)<\/td>\n<\/tr>\n<tr>\n<td width=\"246\">Pot life<\/td>\n<td width=\"96\">Minute<\/td>\n<td width=\"84\">~ 45<\/td>\n<td width=\"252\">at 28\u00b0C<\/td>\n<\/tr>\n<tr>\n<td width=\"246\">Adhesive strength (concrete surface)<\/td>\n<td width=\"96\">N\/mm\u00b2<\/td>\n<td width=\"84\">&gt; 0.5<\/td>\n<td width=\"252\">ASTM D4541<\/td>\n<\/tr>\n<tr>\n<td width=\"246\">Crack cover ability<\/td>\n<td width=\"96\">mm<\/td>\n<td width=\"84\">\u2264 0.5<\/td>\n<td width=\"252\">ASMT C836<\/td>\n<\/tr>\n<tr>\n<td width=\"246\">Waterproofing alibity<\/td>\n<td width=\"96\"><\/td>\n<td width=\"84\">Impervious<\/td>\n<td width=\"252\">BSEN 14891 (150 kPa in 7 days)<\/td>\n<\/tr>\n<tr>\n<td width=\"246\">Consumption<\/td>\n<td width=\"96\">kg\/mm\/m\u00b2<\/td>\n<td width=\"84\">2.0<\/td>\n<td width=\"252\">2 layers<\/td>\n<\/tr>\n<\/tbody>\n<\/table>\n<ul>\n<li><strong>APPLICATION NOTES:<\/strong><\/li>\n<\/ul>\n<p><span class=\"fontstyle0\">\u27a2 <\/span><strong>Substrate preparation:<\/strong><br \/>\n&#8211; The substrate must be sound firm, free of dirt, grease, old paint or other impurities,&#8230; which may affect the adhesion of the waterproofing layer.<br \/>\n&#8211; Flatten sharp, convex positions. Use a high-pressure water jet or suitable equipment to remove debris and clean the surface.<br \/>\n&#8211; Fill up cracks, pits on the substrate.<br \/>\n&#8211; Substrate with high water absorption should be moistened to saturation but without standing water.<br \/>\n&#8211; Wall corners and edges must be chamfered with plaster or other appropriate materials.<\/p>\n<p><span class=\"fontstyle0\">\u27a2 <\/span><strong>Mixing:<\/strong><br \/>\n&#8211; Mixing ratio: Component A (Powder) : Component B (Liquid) = 3 : 1 (By weight).<br \/>\n&#8211; Pour the component (B) into a clean bucket, slowly sprinkling component (A) into component (B) using a slow-speed mixer.<br \/>\n&#8211; Mix for about 3 minutes, carefully mixing to until the mixture is homogeneous without lumps. Do not mix at high speed or mix for too long to avoid foaming in the mixture.<br \/>\n&#8211; The product after mixing should wait 3-5 minutes for maturing of the chemicals, then it should be applied immediately. After the pot life time, discard it. Do not add water and mix again.<br \/>\n&#8211; To ensure the ratio of the mixture, the product must be mixed as a whole, not in parts.<\/p>\n<p><span class=\"fontstyle0\">\u27a2 <\/span><strong>Application:<\/strong><br \/>\n&#8211; MC-Proof SP 150 must be applied with a minimum of 2 coats. The first coat is applied by broom, brush or trowel in only one direction until the surface is fully covered. The second coat is applied as soon as the first coat begins to dry, about 3-6 hours depending on environmental conditions. Use a soft brush to sweep in a direction perpendicular to the first layer. In case the first coat is too dry, it should be lightly moistened with water before applying the second coat.<br \/>\n&#8211; The recommended thickness of the finish waterproofing is at least 1 mm for areas not subject to hydrostatic pressure such as bathrooms, balconies, kitchens, terraces,&#8230;<br \/>\n&#8211; MC-Proof SP 150 can be applied with a suitable sprayer and must be tested prior to application.<\/p>\n<p><span class=\"fontstyle0\">\u27a2 <\/span><strong>Curing:<\/strong><br \/>\n&#8211; Avoid applying in direct sunlight or in high wind conditions. The waterproofing layer after application is protected from rain or running water for at least 24 hours to preserve the integrity of the waterproofing membrane. Early exposure to water can affect the color of the waterproofing without affecting the quality.<br \/>\n&#8211; MC-Proof SP 150 waterproofing membrane requires a protective screed on it.<\/p>\n<p><span class=\"fontstyle0\">\u27a2 <\/span><strong>Cleaning:<\/strong><br \/>\n&#8211; Use clean water to clean tools and equipment immediately after construction.<br \/>\n&#8211; When the product is solidified, it can only be cleaned by mechanical means.<\/p>\n<p><span class=\"fontstyle0\">\u27a2 <\/span><strong>Safety information:<\/strong> MC-Proof SP 150 does not contain hazardous substances requiring labeling and very safe in normal working conditions such as wearing gloves, goggles,&#8230;<\/p>\n<div class=\"video-embed\"><iframe loading=\"lazy\" title=\"H\u01b0\u1edbng d\u1eabn thi c\u00f4ng MC-Proof SP 150 \u0111\u00fang chu\u1ea9n \u2013 D\u1ec5 d\u00e0ng ch\u1ec9 v\u1edbi 3 b\u01b0\u1edbc!\" width=\"1340\" height=\"754\" src=\"https:\/\/www.youtube.com\/embed\/vYZj8QYAJ10?feature=oembed\" frameborder=\"0\" allow=\"accelerometer; autoplay; clipboard-write; encrypted-media; gyroscope; picture-in-picture; web-share\" referrerpolicy=\"strict-origin-when-cross-origin\" allowfullscreen><\/iframe><\/div>\n","protected":false},"excerpt":{"rendered":"<p><img decoding=\"async\" loading=\"lazy\" class=\"alignnone size-medium wp-image-91181\" src=\"https:\/\/mcbifi-bauchemie.com\/wp-content\/uploads\/2020\/12\/MC-Proof-SP-150_bo.png\" alt=\"\" width=\"1\" height=\"1\" \/><img decoding=\"async\" loading=\"lazy\" class=\"alignnone size-medium wp-image-91178\" src=\"https:\/\/mcbifi-bauchemie.com\/wp-content\/uploads\/2020\/12\/MC-Proof-SP-150_bo-1-450x397.png\" alt=\"\" width=\"450\" height=\"397\" srcset=\"https:\/\/mcbifi-bauchemie.com\/wp-content\/uploads\/2020\/12\/MC-Proof-SP-150_bo-1-450x397.png 450w, https:\/\/mcbifi-bauchemie.com\/wp-content\/uploads\/2020\/12\/MC-Proof-SP-150_bo-1-768x678.png 768w, https:\/\/mcbifi-bauchemie.com\/wp-content\/uploads\/2020\/12\/MC-Proof-SP-150_bo-1-600x530.png 600w, https:\/\/mcbifi-bauchemie.com\/wp-content\/uploads\/2020\/12\/MC-Proof-SP-150_bo-1.png 1000w\" sizes=\"(max-width: 450px) 100vw, 450px\" \/><\/p>\n<p><strong>Two-component polymer-modified cementitious waterproofing membrane.<\/strong><\/p>\n","protected":false},"featured_media":91178,"template":"","meta":[],"product_cat":[523,524],"product_tag":[460],"acf":[],"_links":{"self":[{"href":"https:\/\/mcbifi-bauchemie.com\/en\/wp-json\/wp\/v2\/product\/80693"}],"collection":[{"href":"https:\/\/mcbifi-bauchemie.com\/en\/wp-json\/wp\/v2\/product"}],"about":[{"href":"https:\/\/mcbifi-bauchemie.com\/en\/wp-json\/wp\/v2\/types\/product"}],"version-history":[{"count":7,"href":"https:\/\/mcbifi-bauchemie.com\/en\/wp-json\/wp\/v2\/product\/80693\/revisions"}],"predecessor-version":[{"id":91824,"href":"https:\/\/mcbifi-bauchemie.com\/en\/wp-json\/wp\/v2\/product\/80693\/revisions\/91824"}],"wp:featuredmedia":[{"embeddable":true,"href":"https:\/\/mcbifi-bauchemie.com\/en\/wp-json\/wp\/v2\/media\/91178"}],"wp:attachment":[{"href":"https:\/\/mcbifi-bauchemie.com\/en\/wp-json\/wp\/v2\/media?parent=80693"}],"wp:term":[{"taxonomy":"product_cat","embeddable":true,"href":"https:\/\/mcbifi-bauchemie.com\/en\/wp-json\/wp\/v2\/product_cat?post=80693"},{"taxonomy":"product_tag","embeddable":true,"href":"https:\/\/mcbifi-bauchemie.com\/en\/wp-json\/wp\/v2\/product_tag?post=80693"}],"curies":[{"name":"wp","href":"https:\/\/api.w.org\/{rel}","templated":true}]}}