{"id":80685,"date":"2020-12-01T02:56:13","date_gmt":"2020-11-30T19:56:13","guid":{"rendered":"https:\/\/mcbifi-bauchemie.com\/products\/uncategorized\/mc-proof-pu-800\/"},"modified":"2026-04-16T15:20:39","modified_gmt":"2026-04-16T08:20:39","slug":"mc-proof-pu-800","status":"publish","type":"product","link":"https:\/\/mcbifi-bauchemie.com\/en\/products\/mc-proof-pu-800\/","title":{"rendered":"MC-Proof PU 800"},"content":{"rendered":"<ul>\n<li><strong>\u0110\u1eb6C T\u00cdNH S\u1ea2N PH\u1ea8M:<\/strong><\/li>\n<\/ul>\n<p><span class=\"fontstyle0\">\u27a2 <\/span>M\u1ed9t th\u00e0nh ph\u1ea7n, tr\u1ed9n s\u1eb5n.<br \/>\n<span class=\"fontstyle0\">\u27a2 <\/span>G\u1ed1c PU aliphatic, ch\u1ed1ng tia UV.<br \/>\n<span class=\"fontstyle0\">\u27a2 <\/span>Kh\u1ea3 n\u0103ng co d\u00e3n v\u00e0 \u0111\u00e0n h\u1ed3i cao; duy tr\u00ec t\u00ednh \u0111\u00e0n h\u1ed3i \u1edf nhi\u1ec7t \u0111\u1ed9 -40\u00b0C \u0111\u1ebfn +60\u00b0C.<br \/>\n<span class=\"fontstyle0\">\u27a2 <\/span>Kh\u1ea3 n\u0103ng che ph\u1ee7 t\u1ed1t, li\u00ean t\u1ee5c, kh\u00f4ng m\u1ed1i n\u1ed1i ngay c\u1ea3 tr\u00ean b\u1ec1 m\u1eb7t \u0111\u1ee9ng v\u00e0 ngang.<br \/>\n<span class=\"fontstyle0\">\u27a2 <\/span>Kh\u1ea3 n\u0103ng b\u00e1m d\u00ednh tuy\u1ec7t v\u1eddi.<br \/>\n<span class=\"fontstyle0\">\u27a2 <\/span>Ch\u1ed1ng n\u01b0\u1edbc tuy\u1ec7t \u0111\u1ed1i v\u00e0 cho ph\u00e9p tho\u00e1t kh\u00ed v\u00e0 h\u01a1i n\u01b0\u1edbc.<br \/>\n<span class=\"fontstyle0\">\u27a2 <\/span>Kh\u00e1ng ph\u1ea3n \u1ee9ng th\u1ee7y ph\u00e2n v\u00e0 s\u1ef1 t\u1ea5n c\u00f4ng c\u1ee7a vi sinh.<br \/>\n<span class=\"fontstyle0\">\u27a2 <\/span>H\u00e0m l\u01b0\u1ee3ng dung m\u00f4i th\u1ea5p, kh\u00f4ng ch\u00e1y, kh\u00f4ng \u0111\u1ed9c h\u1ea1i.<\/p>\n<ul>\n<li><strong>L\u0128NH V\u1ef0C \u1ee8NG D\u1ee4NG:<\/strong><\/li>\n<\/ul>\n<p><span class=\"fontstyle0\">\u27a2 <\/span>\u1ee8ng d\u1ee5ng cho c\u00e1c k\u1ebft c\u1ea5u m\u1edbi v\u00e0 c\u00e1c k\u1ebft c\u1ea5u c\u1ea3i t\u1ea1o l\u1ea1i.<br \/>\n<span class=\"fontstyle0\">\u27a2 <\/span>S\u00e0n m\u00e1i ph\u1eb3ng v\u00e0 c\u00e1c s\u00e0n m\u00e1i c\u00f3 h\u00ecnh d\u1ea1ng ph\u1ee9c t\u1ea1p.<br \/>\n<span class=\"fontstyle0\">\u27a2 <\/span>S\u00e2n th\u01b0\u1ee3ng, ban c\u00f4ng v\u00e0 c\u00e1c khu v\u1ef1c \u1ea9m \u01b0\u1edbt kh\u00e1c.<br \/>\n<span class=\"fontstyle0\">\u27a2 <\/span>Ti\u1ec3u c\u1ea3nh, b\u1ed3n tr\u1ed3ng c\u00e2y.<br \/>\n<span class=\"fontstyle0\">\u27a2 <\/span>B\u1ec3 n\u01b0\u1edbc c\u00f4ng nghi\u1ec7p.<br \/>\n<span class=\"fontstyle0\">\u27a2 <\/span>C\u1ea5u ki\u1ec7n b\u00ea t\u00f4ng, v\u1eefa, g\u1ea1ch \u1ed1p l\u00e1t, g\u1ed7, kim loa\u0323i v\u00e0 th\u00e9p m\u1ea1.<\/p>\n","protected":false},"excerpt":{"rendered":"<p><strong> <span class=\"fontstyle0\">Ch\u1ed1ng th\u1ea5m \u0111\u00e0n h\u1ed3i d\u1ea1ng qu\u00e9t\u00a0 <\/span><\/strong><strong><span class=\"fontstyle0\">t\u1ea1o m\u00e0ng g\u1ed1c PU aliphatic c\u00f3 \u0111\u1ed9 b\u1ec1n cao.<\/span><\/strong><\/p>\n","protected":false},"featured_media":80555,"template":"","meta":[],"product_cat":[870,523],"product_tag":[455],"acf":[],"_links":{"self":[{"href":"https:\/\/mcbifi-bauchemie.com\/en\/wp-json\/wp\/v2\/product\/80685"}],"collection":[{"href":"https:\/\/mcbifi-bauchemie.com\/en\/wp-json\/wp\/v2\/product"}],"about":[{"href":"https:\/\/mcbifi-bauchemie.com\/en\/wp-json\/wp\/v2\/types\/product"}],"version-history":[{"count":2,"href":"https:\/\/mcbifi-bauchemie.com\/en\/wp-json\/wp\/v2\/product\/80685\/revisions"}],"predecessor-version":[{"id":91814,"href":"https:\/\/mcbifi-bauchemie.com\/en\/wp-json\/wp\/v2\/product\/80685\/revisions\/91814"}],"wp:featuredmedia":[{"embeddable":true,"href":"https:\/\/mcbifi-bauchemie.com\/en\/wp-json\/wp\/v2\/media\/80555"}],"wp:attachment":[{"href":"https:\/\/mcbifi-bauchemie.com\/en\/wp-json\/wp\/v2\/media?parent=80685"}],"wp:term":[{"taxonomy":"product_cat","embeddable":true,"href":"https:\/\/mcbifi-bauchemie.com\/en\/wp-json\/wp\/v2\/product_cat?post=80685"},{"taxonomy":"product_tag","embeddable":true,"href":"https:\/\/mcbifi-bauchemie.com\/en\/wp-json\/wp\/v2\/product_tag?post=80685"}],"curies":[{"name":"wp","href":"https:\/\/api.w.org\/{rel}","templated":true}]}}