{"id":80654,"date":"2020-12-01T02:56:29","date_gmt":"2020-11-30T19:56:29","guid":{"rendered":"https:\/\/mcbifi-bauchemie.com\/products\/uncategorized\/mc-montan-drive-fl-04\/"},"modified":"2026-04-16T10:49:40","modified_gmt":"2026-04-16T03:49:40","slug":"mc-montan-drive-fl-04","status":"publish","type":"product","link":"https:\/\/mcbifi-bauchemie.com\/en\/products\/mc-montan-drive-fl-04\/","title":{"rendered":"MC-Montan Drive FL 04"},"content":{"rendered":"<p><strong>\u0110\u1eb7c t\u00ednh s\u1ea3n ph\u1ea9m<\/strong><br \/>\n\u2022 \u0110i\u1ec1u h\u00f2a \u0111\u1ea5t lo\u1ea1i \u0111\u1eb7c th\u00f9 trong qu\u00e1 tr\u00ecnh \u0111\u00e0o h\u1ea7m<br \/>\n\u2022 T\u0103ng \u0111\u1ed9 k\u00edn c\u1ee7a \u0111\u1ea5t<br \/>\n\u2022 Gi\u1ea3m \u0111\u1ed9 b\u00e1m d\u00ednh v\u00e0 t\u1eafc ngh\u1ebdn<br \/>\n\u2022 Gi\u1ea3m ng\u1ea9u l\u1ef1c ph\u00e1t \u0111\u1ed9ng c\u1ee7a m\u0169i khoan v\u00e0 ti\u00eau hao n\u0103ng l\u01b0\u1ee3ng<br \/>\n\u2022 C\u1ea3i ti\u1ebfn cho vi\u1ec7c v\u1eadn chuy\u1ec3n \u0111\u1ea5t<br \/>\n\u2022 Gi\u00fap gi\u1ea3m s\u1ef1 m\u00e0i m\u00f2n c\u1ee7a thi\u1ebft b\u1ecb khoan<br \/>\n\u2022 Gi\u1ea3m t\u1ea3i l\u01b0\u1ee3ng b\u1ee5i<br \/>\n\u2022 Li\u1ec1u l\u01b0\u1ee3ng hi\u1ec7u qu\u1ea3 v\u1ec1 kinh t\u1ebf<br \/>\n\u2022 Th\u00e2n thi\u1ec7n v\u1edbi m\u00f4i tr\u01b0\u1eddng v\u00e0 c\u00f3 th\u1ec3 ph\u00e2n h\u1ee7y sinh h\u1ecdc d\u1ec5 d\u00e0ng<\/p>\n<p><strong>Ph\u1ea1m vi \u00e1p d\u1ee5ng<\/strong><\/p>\n<p>\u2022 \u0110i\u1ec1u h\u00f2a \u0111\u1ea5t cho m\u00e1y khoan h\u1ea7m v\u1edbi s\u1ef1 c\u00e2n b\u1eb1ng \u00e1p l\u1ef1c \u0111\u1ea5t (EPB)<br \/>\n\u2022 \u0110\u1ea5t c\u00f3 t\u1ef7 l\u1ec7 s\u00e9t cao v\u00e0 c\u00f3 xu h\u01b0\u1edbng t\u1eafc ngh\u1ebdn cao<br \/>\n\u2022 N\u00fai \u0111\u00e1 r\u1eddi v\u1edbi ph\u1ea1m vi h\u1ea1t r\u1ed9ng<\/p>\n","protected":false},"excerpt":{"rendered":"<p><img decoding=\"async\" loading=\"lazy\" class=\"alignnone wp-image-85263\" src=\"https:\/\/mcbifi-bauchemie.com\/wp-content\/uploads\/2020\/12\/mc-tbm_nach_links_transp-1178-450x166.webp\" alt=\"MC-Montan Seal\" width=\"786\" height=\"290\" srcset=\"https:\/\/mcbifi-bauchemie.com\/wp-content\/uploads\/2020\/12\/mc-tbm_nach_links_transp-1178-450x166.webp 450w, https:\/\/mcbifi-bauchemie.com\/wp-content\/uploads\/2020\/12\/mc-tbm_nach_links_transp-1178-600x222.webp 600w, https:\/\/mcbifi-bauchemie.com\/wp-content\/uploads\/2020\/12\/mc-tbm_nach_links_transp-1178-1024x378.webp 1024w, https:\/\/mcbifi-bauchemie.com\/wp-content\/uploads\/2020\/12\/mc-tbm_nach_links_transp-1178-768x284.webp 768w, https:\/\/mcbifi-bauchemie.com\/wp-content\/uploads\/2020\/12\/mc-tbm_nach_links_transp-1178.webp 1178w\" sizes=\"(max-width: 786px) 100vw, 786px\" \/><\/p>\n<p><strong>Ph\u1ee5 gia c\u00f4 \u0111\u1eb7c t\u1ea1o b\u1ecdt \u0111\u1ec3 \u0111i\u1ec1u h\u00f2a \u0111\u1ea5t cho m\u00e1y khoan h\u1ea7m (TBM)<\/strong><\/p>\n","protected":false},"featured_media":85264,"template":"","meta":[],"product_cat":[562],"product_tag":[434],"acf":[],"_links":{"self":[{"href":"https:\/\/mcbifi-bauchemie.com\/en\/wp-json\/wp\/v2\/product\/80654"}],"collection":[{"href":"https:\/\/mcbifi-bauchemie.com\/en\/wp-json\/wp\/v2\/product"}],"about":[{"href":"https:\/\/mcbifi-bauchemie.com\/en\/wp-json\/wp\/v2\/types\/product"}],"version-history":[{"count":1,"href":"https:\/\/mcbifi-bauchemie.com\/en\/wp-json\/wp\/v2\/product\/80654\/revisions"}],"predecessor-version":[{"id":91610,"href":"https:\/\/mcbifi-bauchemie.com\/en\/wp-json\/wp\/v2\/product\/80654\/revisions\/91610"}],"wp:featuredmedia":[{"embeddable":true,"href":"https:\/\/mcbifi-bauchemie.com\/en\/wp-json\/wp\/v2\/media\/85264"}],"wp:attachment":[{"href":"https:\/\/mcbifi-bauchemie.com\/en\/wp-json\/wp\/v2\/media?parent=80654"}],"wp:term":[{"taxonomy":"product_cat","embeddable":true,"href":"https:\/\/mcbifi-bauchemie.com\/en\/wp-json\/wp\/v2\/product_cat?post=80654"},{"taxonomy":"product_tag","embeddable":true,"href":"https:\/\/mcbifi-bauchemie.com\/en\/wp-json\/wp\/v2\/product_tag?post=80654"}],"curies":[{"name":"wp","href":"https:\/\/api.w.org\/{rel}","templated":true}]}}