{"id":80653,"date":"2020-12-01T02:56:29","date_gmt":"2020-11-30T19:56:29","guid":{"rendered":"https:\/\/mcbifi-bauchemie.com\/products\/uncategorized\/mc-montan-drive-fl-04-fr\/"},"modified":"2026-04-16T10:47:55","modified_gmt":"2026-04-16T03:47:55","slug":"mc-montan-drive-fl-04-fr","status":"publish","type":"product","link":"https:\/\/mcbifi-bauchemie.com\/en\/products\/mc-montan-drive-fl-04-fr\/","title":{"rendered":"MC-Montan Drive FL 04 FR"},"content":{"rendered":"<p><strong>Product properties<\/strong><\/p>\n<p>\u2022 Specific soil conditioning in tunneling<br \/>\n\u2022 Increased impermeability of the soil<br \/>\n\u2022 Reduces adhesion and clogging<br \/>\n\u2022 Reduces drilling head torque and energy consumption<br \/>\n\u2022 Improves soil removal<br \/>\n\u2022 Decreases wear on the drilling tool<br \/>\n\u2022 Reduces dust load<br \/>\n\u2022 Cost-effective dosage<br \/>\n\u2022 Environmentally friendly and readily biodegradable<\/p>\n<p><strong>Areas of application<\/strong><\/p>\n<p>\u2022 Soil conditioning for tunnel boring machines with earth pressure balance (EPB)<br \/>\n\u2022 Soil with high proportions of clays and a high clogging tendency<br \/>\n\u2022 Mountains in loose rock with a wide grain range<\/p>\n","protected":false},"excerpt":{"rendered":"<p><img decoding=\"async\" loading=\"lazy\" class=\"alignnone wp-image-85263\" src=\"https:\/\/mcbifi-bauchemie.com\/wp-content\/uploads\/2020\/12\/mc-tbm_nach_links_transp-1178-450x166.webp\" alt=\"MC-Montan Seal\" width=\"781\" height=\"288\" srcset=\"https:\/\/mcbifi-bauchemie.com\/wp-content\/uploads\/2020\/12\/mc-tbm_nach_links_transp-1178-450x166.webp 450w, https:\/\/mcbifi-bauchemie.com\/wp-content\/uploads\/2020\/12\/mc-tbm_nach_links_transp-1178-600x222.webp 600w, https:\/\/mcbifi-bauchemie.com\/wp-content\/uploads\/2020\/12\/mc-tbm_nach_links_transp-1178-1024x378.webp 1024w, https:\/\/mcbifi-bauchemie.com\/wp-content\/uploads\/2020\/12\/mc-tbm_nach_links_transp-1178-768x284.webp 768w, https:\/\/mcbifi-bauchemie.com\/wp-content\/uploads\/2020\/12\/mc-tbm_nach_links_transp-1178.webp 1178w\" sizes=\"(max-width: 781px) 100vw, 781px\" \/><\/p>\n<p><strong>Ph\u1ee5 gia t\u1ea1o b\u1ecdt \u0111\u1ec3 \u0111i\u1ec1u h\u00f2a \u0111\u1ea5t cho m\u00e1y khoan h\u1ea7m (TBM), c\u00f3 t\u00ednh n\u0103ng ph\u00e2n t\u00e1n \u0111\u1ea5t s\u00e9t<\/strong><\/p>\n","protected":false},"featured_media":85264,"template":"","meta":[],"product_cat":[562],"product_tag":[433],"acf":[],"_links":{"self":[{"href":"https:\/\/mcbifi-bauchemie.com\/en\/wp-json\/wp\/v2\/product\/80653"}],"collection":[{"href":"https:\/\/mcbifi-bauchemie.com\/en\/wp-json\/wp\/v2\/product"}],"about":[{"href":"https:\/\/mcbifi-bauchemie.com\/en\/wp-json\/wp\/v2\/types\/product"}],"version-history":[{"count":1,"href":"https:\/\/mcbifi-bauchemie.com\/en\/wp-json\/wp\/v2\/product\/80653\/revisions"}],"predecessor-version":[{"id":91606,"href":"https:\/\/mcbifi-bauchemie.com\/en\/wp-json\/wp\/v2\/product\/80653\/revisions\/91606"}],"wp:featuredmedia":[{"embeddable":true,"href":"https:\/\/mcbifi-bauchemie.com\/en\/wp-json\/wp\/v2\/media\/85264"}],"wp:attachment":[{"href":"https:\/\/mcbifi-bauchemie.com\/en\/wp-json\/wp\/v2\/media?parent=80653"}],"wp:term":[{"taxonomy":"product_cat","embeddable":true,"href":"https:\/\/mcbifi-bauchemie.com\/en\/wp-json\/wp\/v2\/product_cat?post=80653"},{"taxonomy":"product_tag","embeddable":true,"href":"https:\/\/mcbifi-bauchemie.com\/en\/wp-json\/wp\/v2\/product_tag?post=80653"}],"curies":[{"name":"wp","href":"https:\/\/api.w.org\/{rel}","templated":true}]}}