{"id":80650,"date":"2020-12-01T02:56:30","date_gmt":"2020-11-30T19:56:30","guid":{"rendered":"https:\/\/mcbifi-bauchemie.com\/products\/uncategorized\/mc-dur-1177-wv-a-2\/"},"modified":"2023-06-19T13:30:07","modified_gmt":"2023-06-19T06:30:07","slug":"mc-dur-1177-wv-a-2","status":"publish","type":"product","link":"https:\/\/mcbifi-bauchemie.com\/en\/products\/mc-dur-1177-wv-a-2\/","title":{"rendered":"MC-DUR 1177 WV-A"},"content":{"rendered":"<ul>\n<li><strong>T\u00ednh ch\u1ea5t s\u1ea3n ph\u1ea9m:<\/strong><\/li>\n<\/ul>\n<p>\u2022 Nh\u1ef1a t\u1ed5ng h\u1ee3p Epoxy 2 th\u00e0nh ph\u1ea7n, ph\u00e2n t\u00e1n trong n\u01b0\u1edbc.<br \/>\n\u2022 C\u00f3 \u0111\u1ed9 b\u00e1m d\u00ednh t\u1ed1t tr\u00ean n\u1ec1n kho\u00e1ng kh\u00f4 v\u00e0 \u1ea9m \u01b0\u1edbt.<br \/>\n\u2022 Gi\u1ea3m \u0111\u1ed9 bay h\u01a1i n\u01b0\u1edbc trong b\u00ea t\u00f4ng t\u01b0\u01a1i.<\/p>\n<ul>\n<li><strong>L\u0129nh v\u1ef1c \u1ee9ng d\u1ee5ng:<\/strong><\/li>\n<\/ul>\n<p>\u2022 S\u01a1n l\u00f3t cho c\u00e1c h\u1ec7 th\u1ed1ng ph\u1ee7 s\u00e0n g\u1ed1c Epoxy, Polyurethane, v\u1eefa Epoxy ho\u1eb7c v\u1eefa polymer.<br \/>\n\u2022 Th\u1ea9m th\u1ea5u \u0111\u1ec3 c\u1ea3i ti\u1ebfn b\u00ea t\u00f4ng v\u00e0 v\u1eefa y\u1ebfu.<br \/>\n\u2022 B\u1ea3o d\u01b0\u1ee1ng cho b\u00ea t\u00f4ng t\u01b0\u01a1i, \u0111\u1eb7c bi\u1ec7t trong c\u00e1c khu v\u1ef1c m\u00f4i tr\u01b0\u1eddng h\u00f3a ch\u1ea5t.<br \/>\n\u2022 Ch\u1ee9ng nh\u1eadn \u0111\u00e1nh gi\u00e1 REACH (Ch\u00e2u \u00c2u) v\u1ec1 th\u00e0nh ph\u1ea7n ho\u00e1 h\u1ecdc \u0111\u01b0\u1ee3c s\u1eed d\u1ee5ng trong \u0111i\u1ec1u ki\u1ec7n ti\u1ebfp x\u00fac n\u01b0\u1edbc kh\u00f4ng th\u01b0\u1eddng xuy\u00ean, h\u00edt th\u1edf v\u00e0 thi c\u00f4ng th\u01b0\u1eddng xuy\u00ean.<\/p>\n","protected":false},"excerpt":{"rendered":"<p><strong>S\u01a1n l\u00f3t g\u1ed1c epoxy trong su\u1ed1t cho s\u00e0n c\u00f4ng nghi\u1ec7p.<\/strong><\/p>\n","protected":false},"featured_media":80555,"template":"","meta":[],"product_cat":[418],"product_tag":[431],"acf":[],"_links":{"self":[{"href":"https:\/\/mcbifi-bauchemie.com\/en\/wp-json\/wp\/v2\/product\/80650"}],"collection":[{"href":"https:\/\/mcbifi-bauchemie.com\/en\/wp-json\/wp\/v2\/product"}],"about":[{"href":"https:\/\/mcbifi-bauchemie.com\/en\/wp-json\/wp\/v2\/types\/product"}],"version-history":[{"count":0,"href":"https:\/\/mcbifi-bauchemie.com\/en\/wp-json\/wp\/v2\/product\/80650\/revisions"}],"wp:featuredmedia":[{"embeddable":true,"href":"https:\/\/mcbifi-bauchemie.com\/en\/wp-json\/wp\/v2\/media\/80555"}],"wp:attachment":[{"href":"https:\/\/mcbifi-bauchemie.com\/en\/wp-json\/wp\/v2\/media?parent=80650"}],"wp:term":[{"taxonomy":"product_cat","embeddable":true,"href":"https:\/\/mcbifi-bauchemie.com\/en\/wp-json\/wp\/v2\/product_cat?post=80650"},{"taxonomy":"product_tag","embeddable":true,"href":"https:\/\/mcbifi-bauchemie.com\/en\/wp-json\/wp\/v2\/product_tag?post=80650"}],"curies":[{"name":"wp","href":"https:\/\/api.w.org\/{rel}","templated":true}]}}