{"id":80649,"date":"2020-12-01T02:56:30","date_gmt":"2020-11-30T19:56:30","guid":{"rendered":"https:\/\/mcbifi-bauchemie.com\/products\/uncategorized\/mc-montan-support-mb-s1\/"},"modified":"2026-04-16T11:27:12","modified_gmt":"2026-04-16T04:27:12","slug":"mc-montan-support-mb-s1","status":"publish","type":"product","link":"https:\/\/mcbifi-bauchemie.com\/en\/products\/mc-montan-support-mb-s1\/","title":{"rendered":"MC-Montan Support MB S1"},"content":{"rendered":"<p><strong>\u0110\u1eb7c t\u00ednh s\u1ea3n ph\u1ea9m:<\/strong><br \/>\n\u2022 B\u00e1m d\u00ednh t\u1ed1t v\u1edbi b\u1ec1 m\u1eb7t kim lo\u1ea1i<br \/>\n\u2022 Kh\u1ea3 n\u0103ng k\u1ebft d\u00ednh v\u00e0 ch\u1ed1ng r\u1eeda tr\u00f4i t\u1ed1t<br \/>\n\u2022 T\u00ednh ch\u1ea5t b\u00f4i tr\u01a1n v\u00e0 kh\u1ea3 n\u0103ng b\u01a1m tuy\u1ec7t v\u1eddi<\/p>\n<p><strong>L\u0129nh v\u1ef1c \u1ee9ng d\u1ee5ng:<\/strong><br \/>\n\u2022 Lo\u1ea1i b\u1ecf m\u1ee1 b\u00f4i tr\u01a1n Excluder cho v\u00f2ng bi ch\u00ednh (TBM)<\/p>\n","protected":false},"excerpt":{"rendered":"<p><img decoding=\"async\" loading=\"lazy\" class=\"alignnone wp-image-85263\" src=\"https:\/\/mcbifi-bauchemie.com\/wp-content\/uploads\/2020\/12\/mc-tbm_nach_links_transp-1178-450x166.webp\" alt=\"MC-Montan Seal\" width=\"764\" height=\"282\" srcset=\"https:\/\/mcbifi-bauchemie.com\/wp-content\/uploads\/2020\/12\/mc-tbm_nach_links_transp-1178-450x166.webp 450w, https:\/\/mcbifi-bauchemie.com\/wp-content\/uploads\/2020\/12\/mc-tbm_nach_links_transp-1178-600x222.webp 600w, https:\/\/mcbifi-bauchemie.com\/wp-content\/uploads\/2020\/12\/mc-tbm_nach_links_transp-1178-1024x378.webp 1024w, https:\/\/mcbifi-bauchemie.com\/wp-content\/uploads\/2020\/12\/mc-tbm_nach_links_transp-1178-768x284.webp 768w, https:\/\/mcbifi-bauchemie.com\/wp-content\/uploads\/2020\/12\/mc-tbm_nach_links_transp-1178.webp 1178w\" sizes=\"(max-width: 764px) 100vw, 764px\" \/><\/p>\n<p><strong>M\u1ee1 l\u00e0m k\u00edn v\u00f2ng bi ch\u00ednh cho m\u00e1y khoan h\u1ea7m (TBM)<\/strong><\/p>\n","protected":false},"featured_media":85264,"template":"","meta":[],"product_cat":[562],"product_tag":[430],"acf":[],"_links":{"self":[{"href":"https:\/\/mcbifi-bauchemie.com\/en\/wp-json\/wp\/v2\/product\/80649"}],"collection":[{"href":"https:\/\/mcbifi-bauchemie.com\/en\/wp-json\/wp\/v2\/product"}],"about":[{"href":"https:\/\/mcbifi-bauchemie.com\/en\/wp-json\/wp\/v2\/types\/product"}],"version-history":[{"count":1,"href":"https:\/\/mcbifi-bauchemie.com\/en\/wp-json\/wp\/v2\/product\/80649\/revisions"}],"predecessor-version":[{"id":91639,"href":"https:\/\/mcbifi-bauchemie.com\/en\/wp-json\/wp\/v2\/product\/80649\/revisions\/91639"}],"wp:featuredmedia":[{"embeddable":true,"href":"https:\/\/mcbifi-bauchemie.com\/en\/wp-json\/wp\/v2\/media\/85264"}],"wp:attachment":[{"href":"https:\/\/mcbifi-bauchemie.com\/en\/wp-json\/wp\/v2\/media?parent=80649"}],"wp:term":[{"taxonomy":"product_cat","embeddable":true,"href":"https:\/\/mcbifi-bauchemie.com\/en\/wp-json\/wp\/v2\/product_cat?post=80649"},{"taxonomy":"product_tag","embeddable":true,"href":"https:\/\/mcbifi-bauchemie.com\/en\/wp-json\/wp\/v2\/product_tag?post=80649"}],"curies":[{"name":"wp","href":"https:\/\/api.w.org\/{rel}","templated":true}]}}