{"id":80646,"date":"2020-12-01T02:56:30","date_gmt":"2020-11-30T19:56:30","guid":{"rendered":"https:\/\/mcbifi-bauchemie.com\/products\/uncategorized\/mc-montan-seal-st-f1\/"},"modified":"2024-07-12T10:14:34","modified_gmt":"2024-07-12T03:14:34","slug":"mc-montan-seal-st-f1","status":"publish","type":"product","link":"https:\/\/mcbifi-bauchemie.com\/en\/products\/mc-montan-seal-st-f1\/","title":{"rendered":"MC-Montan Seal ST F1"},"content":{"rendered":"<ul>\n<li><strong>\u0110\u1eb7c t\u00ednh s\u1ea3n ph\u1ea9m:<\/strong><\/li>\n<\/ul>\n<p>\u2022 D\u1ea1ng m\u1ee1 c\u01a1 b\u1ea3n d\u1ec5 t\u00e1i t\u1ea1o, d\u1ec5 ph\u00e2n h\u1ee7y sinh h\u1ecdc.<\/p>\n<p>\u2022 T\u01b0\u01a1ng t\u00e1c ho\u00e0n h\u1ea3o gi\u1eefa ch\u1ea5t l\u00e0m k\u00edn \u0111u\u00f4i v\u00e0 ch\u1ed5i qu\u00e9t<\/p>\n<p>\u2022 Ch\u1ed1ng x\u00e2m nh\u1eadp n\u01b0\u1edbc cao<\/p>\n<p>\u2022 \u0110\u1ed9 b\u00e1m d\u00ednh cao v\u1edbi m\u1ecdi b\u1ec1 m\u1eb7t<\/p>\n<p>\u2022 Kh\u1ea3 n\u0103ng b\u01a1m tuy\u1ec7t v\u1eddi<\/p>\n<p>\u2022 \u0110\u1ea3m b\u1ea3o theo Ti\u00eau chu\u1ea9n REACH<\/p>\n<ul>\n<li><strong>Ph\u1ea1m vi \u00e1p d\u1ee5ng:<\/strong><\/li>\n<\/ul>\n<p>\u2022 Ch\u1ea5t l\u00e0m k\u00edn \u0111\u1ea7u ti\u00ean cho ph\u1ea7n \u0111u\u00f4i c\u1ee7a m\u00e1y khoan h\u1ea7m TBM (c\u00e1c lo\u1ea1i EPB, Slurry, VD, HR)<\/p>\n","protected":false},"excerpt":{"rendered":"<p><strong><img decoding=\"async\" loading=\"lazy\" class=\"alignnone wp-image-85263\" src=\"https:\/\/mcbifi-bauchemie.com\/wp-content\/uploads\/2020\/12\/mc-tbm_nach_links_transp-1178-450x166.webp\" alt=\"MC-Montan Seal\" width=\"946\" height=\"349\" srcset=\"https:\/\/mcbifi-bauchemie.com\/wp-content\/uploads\/2020\/12\/mc-tbm_nach_links_transp-1178-450x166.webp 450w, https:\/\/mcbifi-bauchemie.com\/wp-content\/uploads\/2020\/12\/mc-tbm_nach_links_transp-1178-600x222.webp 600w, https:\/\/mcbifi-bauchemie.com\/wp-content\/uploads\/2020\/12\/mc-tbm_nach_links_transp-1178-1024x378.webp 1024w, https:\/\/mcbifi-bauchemie.com\/wp-content\/uploads\/2020\/12\/mc-tbm_nach_links_transp-1178-768x284.webp 768w, https:\/\/mcbifi-bauchemie.com\/wp-content\/uploads\/2020\/12\/mc-tbm_nach_links_transp-1178.webp 1178w\" sizes=\"(max-width: 946px) 100vw, 946px\" \/><\/strong><\/p>\n<p><strong>M\u1ee1 l\u00e0m k\u00edn \u0111\u1ea7u ti\u00ean cho ph\u1ea7n \u0111u\u00f4i c\u1ee7a m\u00e1y khoan h\u1ea7m (TBM)<\/strong><\/p>\n","protected":false},"featured_media":85264,"template":"","meta":[],"product_cat":[562],"product_tag":[427],"acf":[],"_links":{"self":[{"href":"https:\/\/mcbifi-bauchemie.com\/en\/wp-json\/wp\/v2\/product\/80646"}],"collection":[{"href":"https:\/\/mcbifi-bauchemie.com\/en\/wp-json\/wp\/v2\/product"}],"about":[{"href":"https:\/\/mcbifi-bauchemie.com\/en\/wp-json\/wp\/v2\/types\/product"}],"version-history":[{"count":0,"href":"https:\/\/mcbifi-bauchemie.com\/en\/wp-json\/wp\/v2\/product\/80646\/revisions"}],"wp:featuredmedia":[{"embeddable":true,"href":"https:\/\/mcbifi-bauchemie.com\/en\/wp-json\/wp\/v2\/media\/85264"}],"wp:attachment":[{"href":"https:\/\/mcbifi-bauchemie.com\/en\/wp-json\/wp\/v2\/media?parent=80646"}],"wp:term":[{"taxonomy":"product_cat","embeddable":true,"href":"https:\/\/mcbifi-bauchemie.com\/en\/wp-json\/wp\/v2\/product_cat?post=80646"},{"taxonomy":"product_tag","embeddable":true,"href":"https:\/\/mcbifi-bauchemie.com\/en\/wp-json\/wp\/v2\/product_tag?post=80646"}],"curies":[{"name":"wp","href":"https:\/\/api.w.org\/{rel}","templated":true}]}}